{"id":97,"date":"2024-06-21T19:49:49","date_gmt":"2024-06-21T22:49:49","guid":{"rendered":"https:\/\/manuflores.com.ar\/?post_type=product&#038;p=97"},"modified":"2025-10-28T19:26:57","modified_gmt":"2025-10-28T22:26:57","slug":"curso-de-esmaltes-de-baja-temperatura","status":"publish","type":"product","link":"https:\/\/manuflores.com.ar\/?product=curso-de-esmaltes-de-baja-temperatura","title":{"rendered":"Curso de Esmaltes de baja temperatura"},"content":{"rendered":"<p>En este breve y sencillo curso te ense\u00f1aremos todo sobre el mundo de los esmaltes. Materiales, teor\u00eda, c\u00f3mo formularlos, tips, secretos, forma de preparaci\u00f3n, aplicaci\u00f3n, materiales que modifican su comportamiento y aportan efectos especiales, esmaltes metali<em>zados, brillantes, opacos, mates, cubritivos, trasl\u00facidos, y muchos m\u00e1s.<\/em><\/p>\n<p>Tiene una parte te\u00f3rica y una con trabajos pr\u00e1cticos para reali<em>zar a distancia, a su vez tiene Certificado de participaci\u00f3n.<\/em><\/p>\n<p>Escribinos al +54 9 2216777731 para recibir el link para asistir al curso, es asincr\u00f3nico grabado y lo podes ver cuantas veces quieras.<\/p>\n<p>En promo solo por este mes!<\/p>\n","protected":false},"excerpt":{"rendered":"<p>En este breve y sencillo curso te ense\u00f1aremos todo sobre el mundo de los esmaltes. Materiales, teor\u00eda, c\u00f3mo formularlos, tips, secretos, forma de preparaci\u00f3n, aplicaci\u00f3n, materiales que modifican su comportamiento y aportan efectos especiales, esmaltes metalizados, brillantes, opacos, mates, cubritivos, trasl\u00facidos, y muchos m\u00e1s. Tiene una parte te\u00f3rica y una con trabajos pr\u00e1cticos para realizar [&hellip;]<\/p>\n","protected":false},"featured_media":99,"comment_status":"open","ping_status":"closed","template":"","meta":[],"product_brand":[],"product_cat":[18],"product_tag":[],"class_list":{"0":"post-97","1":"product","2":"type-product","3":"status-publish","4":"has-post-thumbnail","6":"product_cat-sin-categorizar","8":"first","9":"instock","10":"sale","11":"taxable","12":"shipping-taxable","13":"purchasable","14":"product-type-simple"},"jetpack_sharing_enabled":true,"_links":{"self":[{"href":"https:\/\/manuflores.com.ar\/index.php?rest_route=\/wp\/v2\/product\/97","targetHints":{"allow":["GET"]}}],"collection":[{"href":"https:\/\/manuflores.com.ar\/index.php?rest_route=\/wp\/v2\/product"}],"about":[{"href":"https:\/\/manuflores.com.ar\/index.php?rest_route=\/wp\/v2\/types\/product"}],"replies":[{"embeddable":true,"href":"https:\/\/manuflores.com.ar\/index.php?rest_route=%2Fwp%2Fv2%2Fcomments&post=97"}],"wp:featuredmedia":[{"embeddable":true,"href":"https:\/\/manuflores.com.ar\/index.php?rest_route=\/wp\/v2\/media\/99"}],"wp:attachment":[{"href":"https:\/\/manuflores.com.ar\/index.php?rest_route=%2Fwp%2Fv2%2Fmedia&parent=97"}],"wp:term":[{"taxonomy":"product_brand","embeddable":true,"href":"https:\/\/manuflores.com.ar\/index.php?rest_route=%2Fwp%2Fv2%2Fproduct_brand&post=97"},{"taxonomy":"product_cat","embeddable":true,"href":"https:\/\/manuflores.com.ar\/index.php?rest_route=%2Fwp%2Fv2%2Fproduct_cat&post=97"},{"taxonomy":"product_tag","embeddable":true,"href":"https:\/\/manuflores.com.ar\/index.php?rest_route=%2Fwp%2Fv2%2Fproduct_tag&post=97"}],"curies":[{"name":"wp","href":"https:\/\/api.w.org\/{rel}","templated":true}]}}