{"id":19,"date":"2024-06-21T18:46:45","date_gmt":"2024-06-21T21:46:45","guid":{"rendered":"https:\/\/manuflores.com.ar\/?page_id=19"},"modified":"2024-06-21T18:46:47","modified_gmt":"2024-06-21T21:46:47","slug":"reembolso_devoluciones","status":"publish","type":"page","link":"https:\/\/manuflores.com.ar\/?page_id=19","title":{"rendered":"Pol\u00edtica de devoluciones y reembolsos"},"content":{"rendered":"\n<p>Los productos da\u00f1ados por el consumidor, tales por ca\u00eddas, cachaduras, da\u00f1os en el env\u00edo (corresponden al reclamo a la empresa de env\u00edos, ya que nosotros las embalamos y entregamos en perfecto estado), no corresponden a nuestra pol\u00edtica de reembolso. Tampoco los da\u00f1os por desgaste del tiempo o del uso de l\u00edquidos \u00e1cidos o muy calientes en las cer\u00e1micas, que pueden debilitar el esmalte y craquelarlo. Tampoco aplica el reembolso en caso de color o dibujo diferente al de la foto ya que son productos 100% artesanales y dichas variaciones pueden ser factibles.<br><br>Cambios por regalos por productos de la tienda disponibles en stock deben ser consultados en nuestro instagram o nuestro n\u00famero de whatsapp, sujeto a disponibilidad. El env\u00edo correr\u00e1 a cargo del comprador que quiere cambiar el producto. Muchas gracias por su comprensi\u00f3n, cari\u00f1os!!<\/p>\n","protected":false},"excerpt":{"rendered":"<p>Los productos da\u00f1ados por el consumidor, tales por ca\u00eddas, cachaduras, da\u00f1os en el env\u00edo (corresponden al reclamo a la empresa de env\u00edos, ya que nosotros las embalamos y entregamos en perfecto estado), no corresponden a nuestra pol\u00edtica de reembolso. Tampoco los da\u00f1os por desgaste del tiempo o del uso de l\u00edquidos \u00e1cidos o muy calientes [&hellip;]<\/p>\n","protected":false},"author":1,"featured_media":0,"parent":0,"menu_order":0,"comment_status":"closed","ping_status":"closed","template":"","meta":{"footnotes":""},"class_list":["post-19","page","type-page","status-publish","hentry"],"jetpack_sharing_enabled":true,"_links":{"self":[{"href":"https:\/\/manuflores.com.ar\/index.php?rest_route=\/wp\/v2\/pages\/19","targetHints":{"allow":["GET"]}}],"collection":[{"href":"https:\/\/manuflores.com.ar\/index.php?rest_route=\/wp\/v2\/pages"}],"about":[{"href":"https:\/\/manuflores.com.ar\/index.php?rest_route=\/wp\/v2\/types\/page"}],"author":[{"embeddable":true,"href":"https:\/\/manuflores.com.ar\/index.php?rest_route=\/wp\/v2\/users\/1"}],"replies":[{"embeddable":true,"href":"https:\/\/manuflores.com.ar\/index.php?rest_route=%2Fwp%2Fv2%2Fcomments&post=19"}],"version-history":[{"count":1,"href":"https:\/\/manuflores.com.ar\/index.php?rest_route=\/wp\/v2\/pages\/19\/revisions"}],"predecessor-version":[{"id":68,"href":"https:\/\/manuflores.com.ar\/index.php?rest_route=\/wp\/v2\/pages\/19\/revisions\/68"}],"wp:attachment":[{"href":"https:\/\/manuflores.com.ar\/index.php?rest_route=%2Fwp%2Fv2%2Fmedia&parent=19"}],"curies":[{"name":"wp","href":"https:\/\/api.w.org\/{rel}","templated":true}]}}